{"id":2046,"date":"2025-06-03T17:12:03","date_gmt":"2025-06-03T17:12:03","guid":{"rendered":"https:\/\/pointparksocstudent.com\/Internationalmedia\/Ireland2025\/?page_id=2046"},"modified":"2025-06-04T16:57:48","modified_gmt":"2025-06-04T20:57:48","slug":"rte","status":"publish","type":"page","link":"https:\/\/pointparksocstudent.com\/Internationalmedia\/Ireland2025\/articles\/rte\/","title":{"rendered":"RT\u00c9"},"content":{"rendered":"\n<h3 class=\"wp-block-heading\">By Grace Lorince<\/h3>\n\n\n\n<p><em>RT\u00c9 Tour (Tuesday, May 13<sup>th<\/sup>, 2025)<\/em><em><\/em><\/p>\n\n\n\n<h2 class=\"wp-block-heading\"><strong>RTE INTRODUCTION<\/strong><\/h2>\n\n\n\n<p><em>RT\u00c9<\/em>, or Raidi\u00f3 Teilif\u00eds \u00c9ireann, is Ireland\u2019s public service broadcaster that produces and broadcasts news and entertainment content for television, radio, and online mediums.&nbsp; RT\u00c9 is Ireland\u2019s oldest television broadcaster and offers various channels that bring the public assorted content \u2013 like news, entertainment, educational, documentaries, dramas, etc.&nbsp; <\/p>\n\n\n<div class=\"wp-block-image\">\n<figure class=\"aligncenter size-large\"><img loading=\"lazy\" decoding=\"async\" width=\"768\" height=\"1024\" src=\"https:\/\/pointparksocstudent.com\/Internationalmedia\/Ireland2025\/wp-content\/uploads\/2025\/06\/IMG_2035-768x1024.jpg\" alt=\"\" class=\"wp-image-2124\" srcset=\"https:\/\/pointparksocstudent.com\/Internationalmedia\/Ireland2025\/wp-content\/uploads\/2025\/06\/IMG_2035-768x1024.jpg 768w, https:\/\/pointparksocstudent.com\/Internationalmedia\/Ireland2025\/wp-content\/uploads\/2025\/06\/IMG_2035-225x300.jpg 225w, https:\/\/pointparksocstudent.com\/Internationalmedia\/Ireland2025\/wp-content\/uploads\/2025\/06\/IMG_2035-1152x1536.jpg 1152w, https:\/\/pointparksocstudent.com\/Internationalmedia\/Ireland2025\/wp-content\/uploads\/2025\/06\/IMG_2035-1536x2048.jpg 1536w, https:\/\/pointparksocstudent.com\/Internationalmedia\/Ireland2025\/wp-content\/uploads\/2025\/06\/IMG_2035-scaled.jpg 1920w\" sizes=\"auto, (max-width: 768px) 100vw, 768px\" \/><figcaption class=\"wp-element-caption\">Sign outside of <em>RT\u00c9<\/em><\/figcaption><\/figure>\n<\/div>\n\n\n<h2 class=\"wp-block-heading\"><strong>THE FOCUS<\/strong><\/h2>\n\n\n\n<p>Throughout the semester, I spent time focusing on <em>RT\u00c9<\/em>, not only doing extensive research on it, but also writing about it and presenting my findings to the class.&nbsp; The knowledge I have obtained regarding <em>RT\u00c9<\/em> as well as the experience I have in television studios made me feel comfortable and confident in my understanding walking into the tour.&nbsp; <\/p>\n\n\n\n<p>Additionally, although many topics were covered throughout our tour, for the sake of specificity, I will be talking directly about the television production process as well as our experience witnessing a live broadcast.&nbsp; That is not to say that the other content we discussed (like radio and other guest lectures at <em>RT\u00c9<\/em>) were not important, I simply want to focus this article on the content I am most comfortable with and interested in: television broadcasts.&nbsp; <\/p>\n\n\n\n<h2 class=\"wp-block-heading\"><strong><em>RT\u00c9<\/em> TOUR<\/strong><\/h2>\n\n\n\n<p>On Tuesday, May 13<sup>th<\/sup>, 2025, our class took a trip to visit and tour the operation center of <em>RT\u00c9<\/em>.&nbsp; We not only got the opportunity to see the studios and control room of both their radio and television broadcasts, but were able to stand in and witness the magic of broadcast news come to life as they put on the thirty-minute long, one o\u2019clock newscast.&nbsp; I was not expecting to get this opportunity, but I was pleasantly surprised and extremely excited to watch them in real-time produce a broadcast and make live changes along the way.&nbsp; I personally feel that the best way to understand how a production works is to not only see the space, but watch it in action.&nbsp;&nbsp; <\/p>\n\n\n\n<p>Prior to the show starting, we got a brief introduction to all of the different positions within the control room.&nbsp; Unsurprisingly, they were similar positions to what we have in the United States.&nbsp; However, what did stand out to me was the difference in terminology in role titles and the specific responsibilities for each job.&nbsp; For instance, there were six total positions within the control room: the Editor, the NCO (News Coordinator), the Director, the Vision Mixer, Cameras and Lighting, and Audio.&nbsp; <\/p>\n\n\n\n<figure class=\"wp-block-gallery has-nested-images columns-default is-cropped wp-block-gallery-1 is-layout-flex wp-block-gallery-is-layout-flex\">\n<figure class=\"wp-block-image size-large\"><img loading=\"lazy\" decoding=\"async\" width=\"1024\" height=\"768\" data-id=\"2126\" src=\"https:\/\/pointparksocstudent.com\/Internationalmedia\/Ireland2025\/wp-content\/uploads\/2025\/06\/IMG_2038-1024x768.jpg\" alt=\"\" class=\"wp-image-2126\" srcset=\"https:\/\/pointparksocstudent.com\/Internationalmedia\/Ireland2025\/wp-content\/uploads\/2025\/06\/IMG_2038-1024x768.jpg 1024w, https:\/\/pointparksocstudent.com\/Internationalmedia\/Ireland2025\/wp-content\/uploads\/2025\/06\/IMG_2038-300x225.jpg 300w, https:\/\/pointparksocstudent.com\/Internationalmedia\/Ireland2025\/wp-content\/uploads\/2025\/06\/IMG_2038-768x576.jpg 768w, https:\/\/pointparksocstudent.com\/Internationalmedia\/Ireland2025\/wp-content\/uploads\/2025\/06\/IMG_2038-1536x1152.jpg 1536w, https:\/\/pointparksocstudent.com\/Internationalmedia\/Ireland2025\/wp-content\/uploads\/2025\/06\/IMG_2038-2048x1536.jpg 2048w\" sizes=\"auto, (max-width: 1024px) 100vw, 1024px\" \/><figcaption class=\"wp-element-caption\">Control room front row (with Editorial, NCO, Director, and Vision Mixer)<\/figcaption><\/figure>\n\n\n\n<figure class=\"wp-block-image size-large\"><img loading=\"lazy\" decoding=\"async\" width=\"1024\" height=\"768\" data-id=\"2125\" src=\"https:\/\/pointparksocstudent.com\/Internationalmedia\/Ireland2025\/wp-content\/uploads\/2025\/06\/IMG_2037-1024x768.jpg\" alt=\"\" class=\"wp-image-2125\" srcset=\"https:\/\/pointparksocstudent.com\/Internationalmedia\/Ireland2025\/wp-content\/uploads\/2025\/06\/IMG_2037-1024x768.jpg 1024w, https:\/\/pointparksocstudent.com\/Internationalmedia\/Ireland2025\/wp-content\/uploads\/2025\/06\/IMG_2037-300x225.jpg 300w, https:\/\/pointparksocstudent.com\/Internationalmedia\/Ireland2025\/wp-content\/uploads\/2025\/06\/IMG_2037-768x576.jpg 768w, https:\/\/pointparksocstudent.com\/Internationalmedia\/Ireland2025\/wp-content\/uploads\/2025\/06\/IMG_2037-1536x1152.jpg 1536w, https:\/\/pointparksocstudent.com\/Internationalmedia\/Ireland2025\/wp-content\/uploads\/2025\/06\/IMG_2037-2048x1536.jpg 2048w\" sizes=\"auto, (max-width: 1024px) 100vw, 1024px\" \/><figcaption class=\"wp-element-caption\">All the screens!<\/figcaption><\/figure>\n<\/figure>\n\n\n\n<p>At first, these titles stood out to me, because they were a bit different to what I was used to.&nbsp; Of course we have positions like \u201cdirector\u201d and \u201caudio\u201d, but I was surprised to hear terms like \u201cNCO\u201d and \u201cvision mixer\u201d.&nbsp; <\/p>\n\n\n\n<h3 class=\"wp-block-heading\">Here is a list of the positions and their roles:<\/h3>\n\n\n\n<ul class=\"wp-block-list\">\n<li><strong>Editorial \u2013<\/strong> real-time script editors<\/li>\n\n\n\n<li><strong>NCO \u2013<\/strong> AKA the show producer, manages and oversees the show.&nbsp; The NCO also fires up all the supers and graphics during the packages.&nbsp;<\/li>\n\n\n\n<li><strong>Director \u2013 <\/strong>supervises the show and makes the calls on camera shots, graphics, live feeds, etc.<\/li>\n\n\n\n<li><strong>Vision Mixer \u2013<\/strong> AKA the Technical Director, the individual making all the punches that go out live for the world to see.&nbsp;<\/li>\n\n\n\n<li><strong>Cameras and Lighting \u2013<\/strong> its own position in the control room (not in studio), controls the camera angles of seven different cameras and the lighting within the studio to get the necessary shots.&nbsp;<\/li>\n\n\n\n<li><strong>Audio \u2013<\/strong> like audio in the States, controls the talent microphones, live feed, and package audio levels.&nbsp;<\/li>\n<\/ul>\n\n\n\n<p>Additionally, there are a limited amount of people within the studio during productions \u2013 the talent and the floor director\/teleprompter operator.&nbsp;<\/p>\n\n\n\n<ul class=\"wp-block-list\">\n<li><strong>Talent \u2013<\/strong> known as presenters at <em>RT\u00c9<\/em><\/li>\n\n\n\n<li><strong>Floor Director\/Teleprompter Operator \u2013<\/strong> Although I wasn\u2019t in the studio during the production I did recognize that there was a very small amount of people while rolling.&nbsp; So although I never got a direct look, I am aware that there is someone who controls the prompter and someone to make sure that everything is under control on the floor.&nbsp; <\/li>\n<\/ul>\n\n\n\n<p><em>In addition to the variance in role titles, there are also differences in other broadcast terminology that I picked up on during the broadcast.&nbsp; Some examples include: <\/em><em><\/em><\/p>\n\n\n\n<figure class=\"wp-block-table\"><table class=\"has-fixed-layout\"><tbody><tr><td class=\"has-text-align-center\" data-align=\"center\"><strong>What I\u2019m Used To<\/strong><\/td><td class=\"has-text-align-center\" data-align=\"center\"><strong>Terms they Used<\/strong><\/td><\/tr><tr><td class=\"has-text-align-center\" data-align=\"center\">Rundown<\/td><td class=\"has-text-align-center\" data-align=\"center\">Bulletin<\/td><\/tr><tr><td class=\"has-text-align-center\" data-align=\"center\">Close<\/td><td class=\"has-text-align-center\" data-align=\"center\">Wrapper<\/td><\/tr><tr><td class=\"has-text-align-center\" data-align=\"center\">OTS (Over the Shoulder graphics)<\/td><td class=\"has-text-align-center\" data-align=\"center\">PW<\/td><\/tr><tr><td class=\"has-text-align-center\" data-align=\"center\">GFX (graphics)<\/td><td class=\"has-text-align-center\" data-align=\"center\">VIZ<\/td><\/tr><\/tbody><\/table><\/figure>\n\n\n\n<p>Although relatively the same to the broadcast operations in the United States, the terminology was more varied.&nbsp;<\/p>\n\n\n\n<h2 class=\"wp-block-heading\"><strong>SOMETHING THAT SURPRISED ME<\/strong><\/h2>\n\n\n\n<p>Something that genuinely surprised me was the ability for constant communication between the control room and the floor.&nbsp; Especially since there is virtually no one in the studio throughout the production, I was surprised by the communication between the presenter and the director.&nbsp; Like most stations, the presenter has an earpiece in their ear to be able to hear the directions and commands from the director, but what also surprised me was the presenter\u2019s ability to also talk directly with the control room.&nbsp; This is possible through a special channel that goes from the microphone straight to the control room, allowing the presenter to talk without it going on air.&nbsp; I am sure this is a more common practice, but I\u2019ve never seen it in practice prior to this experience.&nbsp;<\/p>\n\n\n\n<p>Another thing that stuck out to me was <em>RT\u00c9<\/em>\u2019s inclusion of \u201cKids News\u201d, which takes place at around 4:20 PM daily for about ten minutes.&nbsp; This program offers real current events at an easily digestible and child-friendly level.&nbsp; This personally stood out to me because I think it offers children an opportunity to understand the world around them in a trusted and scare-free manner.&nbsp; Plus, it is a great introduction to media literacy and understanding when and where to trust the information you are hearing about.&nbsp; Although this is seen in the United States as well (<em>CNN 10<\/em> is child-friendly, student news program), it was refreshing to see children being made a priority in this fast-paced environment.&nbsp; <\/p>\n\n\n\n<figure class=\"wp-block-gallery has-nested-images columns-default is-cropped wp-block-gallery-2 is-layout-flex wp-block-gallery-is-layout-flex\">\n<figure class=\"wp-block-image size-large\"><img loading=\"lazy\" decoding=\"async\" width=\"768\" height=\"1024\" data-id=\"2127\" src=\"https:\/\/pointparksocstudent.com\/Internationalmedia\/Ireland2025\/wp-content\/uploads\/2025\/06\/IMG_2044-768x1024.jpg\" alt=\"\" class=\"wp-image-2127\" srcset=\"https:\/\/pointparksocstudent.com\/Internationalmedia\/Ireland2025\/wp-content\/uploads\/2025\/06\/IMG_2044-768x1024.jpg 768w, https:\/\/pointparksocstudent.com\/Internationalmedia\/Ireland2025\/wp-content\/uploads\/2025\/06\/IMG_2044-225x300.jpg 225w, https:\/\/pointparksocstudent.com\/Internationalmedia\/Ireland2025\/wp-content\/uploads\/2025\/06\/IMG_2044-1152x1536.jpg 1152w, https:\/\/pointparksocstudent.com\/Internationalmedia\/Ireland2025\/wp-content\/uploads\/2025\/06\/IMG_2044-1536x2048.jpg 1536w, https:\/\/pointparksocstudent.com\/Internationalmedia\/Ireland2025\/wp-content\/uploads\/2025\/06\/IMG_2044-scaled.jpg 1920w\" sizes=\"auto, (max-width: 768px) 100vw, 768px\" \/><figcaption class=\"wp-element-caption\">Me and Sav in the camera!<\/figcaption><\/figure>\n\n\n\n<figure class=\"wp-block-image size-large\"><img loading=\"lazy\" decoding=\"async\" width=\"1024\" height=\"768\" data-id=\"2130\" src=\"https:\/\/pointparksocstudent.com\/Internationalmedia\/Ireland2025\/wp-content\/uploads\/2025\/06\/5fd33b44-44c0-43e9-b0ab-7e912fb2f1f4-1024x768.jpg\" alt=\"\" class=\"wp-image-2130\" srcset=\"https:\/\/pointparksocstudent.com\/Internationalmedia\/Ireland2025\/wp-content\/uploads\/2025\/06\/5fd33b44-44c0-43e9-b0ab-7e912fb2f1f4-1024x768.jpg 1024w, https:\/\/pointparksocstudent.com\/Internationalmedia\/Ireland2025\/wp-content\/uploads\/2025\/06\/5fd33b44-44c0-43e9-b0ab-7e912fb2f1f4-300x225.jpg 300w, https:\/\/pointparksocstudent.com\/Internationalmedia\/Ireland2025\/wp-content\/uploads\/2025\/06\/5fd33b44-44c0-43e9-b0ab-7e912fb2f1f4-768x576.jpg 768w, https:\/\/pointparksocstudent.com\/Internationalmedia\/Ireland2025\/wp-content\/uploads\/2025\/06\/5fd33b44-44c0-43e9-b0ab-7e912fb2f1f4-1536x1152.jpg 1536w, https:\/\/pointparksocstudent.com\/Internationalmedia\/Ireland2025\/wp-content\/uploads\/2025\/06\/5fd33b44-44c0-43e9-b0ab-7e912fb2f1f4.jpg 2048w\" sizes=\"auto, (max-width: 1024px) 100vw, 1024px\" \/><figcaption class=\"wp-element-caption\">Me looking at the marked up 1:00 bulletin<\/figcaption><\/figure>\n\n\n\n<figure class=\"wp-block-image size-large\"><img loading=\"lazy\" decoding=\"async\" width=\"1024\" height=\"768\" data-id=\"2131\" src=\"https:\/\/pointparksocstudent.com\/Internationalmedia\/Ireland2025\/wp-content\/uploads\/2025\/06\/140e4d9a-c180-4a98-a56c-61037c6b59c7-1024x768.jpg\" alt=\"\" class=\"wp-image-2131\" srcset=\"https:\/\/pointparksocstudent.com\/Internationalmedia\/Ireland2025\/wp-content\/uploads\/2025\/06\/140e4d9a-c180-4a98-a56c-61037c6b59c7-1024x768.jpg 1024w, https:\/\/pointparksocstudent.com\/Internationalmedia\/Ireland2025\/wp-content\/uploads\/2025\/06\/140e4d9a-c180-4a98-a56c-61037c6b59c7-300x225.jpg 300w, https:\/\/pointparksocstudent.com\/Internationalmedia\/Ireland2025\/wp-content\/uploads\/2025\/06\/140e4d9a-c180-4a98-a56c-61037c6b59c7-768x576.jpg 768w, https:\/\/pointparksocstudent.com\/Internationalmedia\/Ireland2025\/wp-content\/uploads\/2025\/06\/140e4d9a-c180-4a98-a56c-61037c6b59c7-1536x1152.jpg 1536w, https:\/\/pointparksocstudent.com\/Internationalmedia\/Ireland2025\/wp-content\/uploads\/2025\/06\/140e4d9a-c180-4a98-a56c-61037c6b59c7.jpg 2048w\" sizes=\"auto, (max-width: 1024px) 100vw, 1024px\" \/><figcaption class=\"wp-element-caption\">Me sitting at the news desk<\/figcaption><\/figure>\n<\/figure>\n\n\n\n<h2 class=\"wp-block-heading\"><strong>TOUR TAKEAWAYS<\/strong><\/h2>\n\n\n\n<p>Our experience at <em>RT\u00c9<\/em> surpassed my expectations!&nbsp; Everyone involved was beyond welcoming and was more than happy to entertain our questions and curiosities.&nbsp; Their kindness, even in the midst of performing their jobs, was evident.&nbsp; I appreciated the conversations and the time taken to answer my questions and explain the different roles and responsibilities of each position.&nbsp; Additionally, I valued the willingness to let us stand in the control room and follow along with the rundowns (or bulletins) to which they graciously and enthusiastically let me grab (even letting me keep a rundown that they had marked up during the show so I could see the changes that were made).&nbsp; <\/p>\n\n\n\n<figure class=\"wp-block-gallery has-nested-images columns-default is-cropped wp-block-gallery-3 is-layout-flex wp-block-gallery-is-layout-flex\">\n<figure class=\"wp-block-image size-large\"><img loading=\"lazy\" decoding=\"async\" width=\"1024\" height=\"768\" data-id=\"2132\" src=\"https:\/\/pointparksocstudent.com\/Internationalmedia\/Ireland2025\/wp-content\/uploads\/2025\/06\/270a275e-f53e-465a-888b-b6e55f18c305-1024x768.jpg\" alt=\"\" class=\"wp-image-2132\" srcset=\"https:\/\/pointparksocstudent.com\/Internationalmedia\/Ireland2025\/wp-content\/uploads\/2025\/06\/270a275e-f53e-465a-888b-b6e55f18c305-1024x768.jpg 1024w, https:\/\/pointparksocstudent.com\/Internationalmedia\/Ireland2025\/wp-content\/uploads\/2025\/06\/270a275e-f53e-465a-888b-b6e55f18c305-300x225.jpg 300w, https:\/\/pointparksocstudent.com\/Internationalmedia\/Ireland2025\/wp-content\/uploads\/2025\/06\/270a275e-f53e-465a-888b-b6e55f18c305-768x576.jpg 768w, https:\/\/pointparksocstudent.com\/Internationalmedia\/Ireland2025\/wp-content\/uploads\/2025\/06\/270a275e-f53e-465a-888b-b6e55f18c305-1536x1152.jpg 1536w, https:\/\/pointparksocstudent.com\/Internationalmedia\/Ireland2025\/wp-content\/uploads\/2025\/06\/270a275e-f53e-465a-888b-b6e55f18c305.jpg 2048w\" sizes=\"auto, (max-width: 1024px) 100vw, 1024px\" \/><figcaption class=\"wp-element-caption\">Asking questions and taking notes<\/figcaption><\/figure>\n\n\n\n<figure class=\"wp-block-image size-large\"><img loading=\"lazy\" decoding=\"async\" width=\"1024\" height=\"768\" data-id=\"2128\" src=\"https:\/\/pointparksocstudent.com\/Internationalmedia\/Ireland2025\/wp-content\/uploads\/2025\/06\/0e3a04f7-f9a8-4c7c-a5fd-a4208526d8fb-1024x768.jpg\" alt=\"\" class=\"wp-image-2128\" srcset=\"https:\/\/pointparksocstudent.com\/Internationalmedia\/Ireland2025\/wp-content\/uploads\/2025\/06\/0e3a04f7-f9a8-4c7c-a5fd-a4208526d8fb-1024x768.jpg 1024w, https:\/\/pointparksocstudent.com\/Internationalmedia\/Ireland2025\/wp-content\/uploads\/2025\/06\/0e3a04f7-f9a8-4c7c-a5fd-a4208526d8fb-300x225.jpg 300w, https:\/\/pointparksocstudent.com\/Internationalmedia\/Ireland2025\/wp-content\/uploads\/2025\/06\/0e3a04f7-f9a8-4c7c-a5fd-a4208526d8fb-768x576.jpg 768w, https:\/\/pointparksocstudent.com\/Internationalmedia\/Ireland2025\/wp-content\/uploads\/2025\/06\/0e3a04f7-f9a8-4c7c-a5fd-a4208526d8fb-1536x1152.jpg 1536w, https:\/\/pointparksocstudent.com\/Internationalmedia\/Ireland2025\/wp-content\/uploads\/2025\/06\/0e3a04f7-f9a8-4c7c-a5fd-a4208526d8fb.jpg 1600w\" sizes=\"auto, (max-width: 1024px) 100vw, 1024px\" \/><figcaption class=\"wp-element-caption\">Class Photo in front of the news desk<\/figcaption><\/figure>\n\n\n\n<figure class=\"wp-block-image size-large\"><img loading=\"lazy\" decoding=\"async\" width=\"1024\" height=\"768\" data-id=\"2129\" src=\"https:\/\/pointparksocstudent.com\/Internationalmedia\/Ireland2025\/wp-content\/uploads\/2025\/06\/4bfa9280-5ab9-4b48-bbee-f034ebee7216-1024x768.jpg\" alt=\"\" class=\"wp-image-2129\" srcset=\"https:\/\/pointparksocstudent.com\/Internationalmedia\/Ireland2025\/wp-content\/uploads\/2025\/06\/4bfa9280-5ab9-4b48-bbee-f034ebee7216-1024x768.jpg 1024w, https:\/\/pointparksocstudent.com\/Internationalmedia\/Ireland2025\/wp-content\/uploads\/2025\/06\/4bfa9280-5ab9-4b48-bbee-f034ebee7216-300x225.jpg 300w, https:\/\/pointparksocstudent.com\/Internationalmedia\/Ireland2025\/wp-content\/uploads\/2025\/06\/4bfa9280-5ab9-4b48-bbee-f034ebee7216-768x576.jpg 768w, https:\/\/pointparksocstudent.com\/Internationalmedia\/Ireland2025\/wp-content\/uploads\/2025\/06\/4bfa9280-5ab9-4b48-bbee-f034ebee7216-1536x1152.jpg 1536w, https:\/\/pointparksocstudent.com\/Internationalmedia\/Ireland2025\/wp-content\/uploads\/2025\/06\/4bfa9280-5ab9-4b48-bbee-f034ebee7216.jpg 2048w\" sizes=\"auto, (max-width: 1024px) 100vw, 1024px\" \/><figcaption class=\"wp-element-caption\">Max, Sav, myself, and Alex in front of the cameras<\/figcaption><\/figure>\n<\/figure>\n\n\n\n<p>I mentioned in my blog post I made about <em>RT\u00c9<\/em> how I have been fortunate to witness various studios and control rooms throughout my college career (<em>PNC Park<\/em>, <em>WTAE<\/em>, <em>Madison Square Gardens<\/em>, the <em>Today<\/em> show).&nbsp; Not only was this my first international studio experience, but it was also the first one that would actually let us be inside the control room for the entirety of the broadcast and be in the studio afterwards.&nbsp; <\/p>\n\n\n\n<p>The environment was much more \u201czen\u201d compared to the hustle and bustle of U.S. broadcasts.&nbsp; Although fast paced, there was a particular sense of peace that I feel like most studios do not have.&nbsp; Maybe it was because <em>RT\u00c9<\/em>\u2019s productions were much smaller on scale compared to the stations in the States, but regardless, they maintained this level of simplicity and professionalism all at once, which impressed me to say the least.&nbsp;<\/p>\n","protected":false},"excerpt":{"rendered":"<p>By Grace Lorince RT\u00c9 Tour (Tuesday, May 13th, 2025) RTE INTRODUCTION RT\u00c9, or Raidi\u00f3 Teilif\u00eds \u00c9ireann, is Ireland\u2019s public service broadcaster that produces and broadcasts news and entertainment content for&hellip;<\/p>\n","protected":false},"author":10,"featured_media":0,"parent":83,"menu_order":0,"comment_status":"closed","ping_status":"closed","template":"","meta":{"footnotes":""},"class_list":["post-2046","page","type-page","status-publish","hentry"],"_links":{"self":[{"href":"https:\/\/pointparksocstudent.com\/Internationalmedia\/Ireland2025\/wp-json\/wp\/v2\/pages\/2046","targetHints":{"allow":["GET"]}}],"collection":[{"href":"https:\/\/pointparksocstudent.com\/Internationalmedia\/Ireland2025\/wp-json\/wp\/v2\/pages"}],"about":[{"href":"https:\/\/pointparksocstudent.com\/Internationalmedia\/Ireland2025\/wp-json\/wp\/v2\/types\/page"}],"author":[{"embeddable":true,"href":"https:\/\/pointparksocstudent.com\/Internationalmedia\/Ireland2025\/wp-json\/wp\/v2\/users\/10"}],"replies":[{"embeddable":true,"href":"https:\/\/pointparksocstudent.com\/Internationalmedia\/Ireland2025\/wp-json\/wp\/v2\/comments?post=2046"}],"version-history":[{"count":5,"href":"https:\/\/pointparksocstudent.com\/Internationalmedia\/Ireland2025\/wp-json\/wp\/v2\/pages\/2046\/revisions"}],"predecessor-version":[{"id":2137,"href":"https:\/\/pointparksocstudent.com\/Internationalmedia\/Ireland2025\/wp-json\/wp\/v2\/pages\/2046\/revisions\/2137"}],"up":[{"embeddable":true,"href":"https:\/\/pointparksocstudent.com\/Internationalmedia\/Ireland2025\/wp-json\/wp\/v2\/pages\/83"}],"wp:attachment":[{"href":"https:\/\/pointparksocstudent.com\/Internationalmedia\/Ireland2025\/wp-json\/wp\/v2\/media?parent=2046"}],"curies":[{"name":"wp","href":"https:\/\/api.w.org\/{rel}","templated":true}]}}